{"id":29387,"date":"2021-11-26T08:58:48","date_gmt":"2021-11-26T08:58:48","guid":{"rendered":"https:\/\/bookzo.resetwebstudio.nl\/verleih\/strandrollstuhl\/"},"modified":"2026-03-31T07:59:16","modified_gmt":"2026-03-31T07:59:16","slug":"strandrollstuhl","status":"publish","type":"page","link":"https:\/\/testomgeving.vlugtenburg.nl\/de\/verleih\/strandrollstuhl\/","title":{"rendered":"Strandrollstuhl"},"content":{"rendered":"\t\t<div data-elementor-type=\"wp-page\" data-elementor-id=\"29387\" class=\"elementor elementor-29387 elementor-24980\" data-elementor-post-type=\"page\">\n\t\t\t\t<div class=\"elementor-element elementor-element-6dfd76d e-flex e-con-boxed e-con e-parent\" data-id=\"6dfd76d\" data-element_type=\"container\" data-e-type=\"container\" data-settings=\"{&quot;background_background&quot;:&quot;classic&quot;,&quot;shape_divider_bottom&quot;:&quot;wave-brush&quot;,&quot;jet_parallax_layout_list&quot;:[]}\">\n\t\t\t\t\t<div class=\"e-con-inner\">\n\t\t\t\t<div class=\"elementor-shape elementor-shape-bottom\" aria-hidden=\"true\" data-negative=\"false\">\n\t\t\t<svg xmlns=\"http:\/\/www.w3.org\/2000\/svg\" viewBox=\"0 0 283.5 27.8\" preserveAspectRatio=\"none\">\n\t<path class=\"elementor-shape-fill\" d=\"M283.5,9.7c0,0-7.3,4.3-14,4.6c-6.8,0.3-12.6,0-20.9-1.5c-11.3-2-33.1-10.1-44.7-5.7\ts-12.1,4.6-18,7.4c-6.6,3.2-20,9.6-36.6,9.3C131.6,23.5,99.5,7.2,86.3,8c-1.4,0.1-6.6,0.8-10.5,2c-3.8,1.2-9.4,3.8-17,4.7\tc-3.2,0.4-8.3,1.1-14.2,0.9c-1.5-0.1-6.3-0.4-12-1.6c-5.7-1.2-11-3.1-15.8-3.7C6.5,9.2,0,10.8,0,10.8V0h283.5V9.7z M260.8,11.3\tc-0.7-1-2-0.4-4.3-0.4c-2.3,0-6.1-1.2-5.8-1.1c0.3,0.1,3.1,1.5,6,1.9C259.7,12.2,261.4,12.3,260.8,11.3z M242.4,8.6\tc0,0-2.4-0.2-5.6-0.9c-3.2-0.8-10.3-2.8-15.1-3.5c-8.2-1.1-15.8,0-15.1,0.1c0.8,0.1,9.6-0.6,17.6,1.1c3.3,0.7,9.3,2.2,12.4,2.7\tC239.9,8.7,242.4,8.6,242.4,8.6z M185.2,8.5c1.7-0.7-13.3,4.7-18.5,6.1c-2.1,0.6-6.2,1.6-10,2c-3.9,0.4-8.9,0.4-8.8,0.5\tc0,0.2,5.8,0.8,11.2,0c5.4-0.8,5.2-1.1,7.6-1.6C170.5,14.7,183.5,9.2,185.2,8.5z M199.1,6.9c0.2,0-0.8-0.4-4.8,1.1\tc-4,1.5-6.7,3.5-6.9,3.7c-0.2,0.1,3.5-1.8,6.6-3C197,7.5,199,6.9,199.1,6.9z M283,6c-0.1,0.1-1.9,1.1-4.8,2.5s-6.9,2.8-6.7,2.7\tc0.2,0,3.5-0.6,7.4-2.5C282.8,6.8,283.1,5.9,283,6z M31.3,11.6c0.1-0.2-1.9-0.2-4.5-1.2s-5.4-1.6-7.8-2C15,7.6,7.3,8.5,7.7,8.6\tC8,8.7,15.9,8.3,20.2,9.3c2.2,0.5,2.4,0.5,5.7,1.6S31.2,11.9,31.3,11.6z M73,9.2c0.4-0.1,3.5-1.6,8.4-2.6c4.9-1.1,8.9-0.5,8.9-0.8\tc0-0.3-1-0.9-6.2-0.3S72.6,9.3,73,9.2z M71.6,6.7C71.8,6.8,75,5.4,77.3,5c2.3-0.3,1.9-0.5,1.9-0.6c0-0.1-1.1-0.2-2.7,0.2\tC74.8,5.1,71.4,6.6,71.6,6.7z M93.6,4.4c0.1,0.2,3.5,0.8,5.6,1.8c2.1,1,1.8,0.6,1.9,0.5c0.1-0.1-0.8-0.8-2.4-1.3\tC97.1,4.8,93.5,4.2,93.6,4.4z M65.4,11.1c-0.1,0.3,0.3,0.5,1.9-0.2s2.6-1.3,2.2-1.2s-0.9,0.4-2.5,0.8C65.3,10.9,65.5,10.8,65.4,11.1\tz M34.5,12.4c-0.2,0,2.1,0.8,3.3,0.9c1.2,0.1,2,0.1,2-0.2c0-0.3-0.1-0.5-1.6-0.4C36.6,12.8,34.7,12.4,34.5,12.4z M152.2,21.1\tc-0.1,0.1-2.4-0.3-7.5-0.3c-5,0-13.6-2.4-17.2-3.5c-3.6-1.1,10,3.9,16.5,4.1C150.5,21.6,152.3,21,152.2,21.1z\"\/>\n\t<path class=\"elementor-shape-fill\" d=\"M269.6,18c-0.1-0.1-4.6,0.3-7.2,0c-7.3-0.7-17-3.2-16.6-2.9c0.4,0.3,13.7,3.1,17,3.3\tC267.7,18.8,269.7,18,269.6,18z\"\/>\n\t<path class=\"elementor-shape-fill\" d=\"M227.4,9.8c-0.2-0.1-4.5-1-9.5-1.2c-5-0.2-12.7,0.6-12.3,0.5c0.3-0.1,5.9-1.8,13.3-1.2\tS227.6,9.9,227.4,9.8z\"\/>\n\t<path class=\"elementor-shape-fill\" d=\"M204.5,13.4c-0.1-0.1,2-1,3.2-1.1c1.2-0.1,2,0,2,0.3c0,0.3-0.1,0.5-1.6,0.4\tC206.4,12.9,204.6,13.5,204.5,13.4z\"\/>\n\t<path class=\"elementor-shape-fill\" d=\"M201,10.6c0-0.1-4.4,1.2-6.3,2.2c-1.9,0.9-6.2,3.1-6.1,3.1c0.1,0.1,4.2-1.6,6.3-2.6\tS201,10.7,201,10.6z\"\/>\n\t<path class=\"elementor-shape-fill\" d=\"M154.5,26.7c-0.1-0.1-4.6,0.3-7.2,0c-7.3-0.7-17-3.2-16.6-2.9c0.4,0.3,13.7,3.1,17,3.3\tC152.6,27.5,154.6,26.8,154.5,26.7z\"\/>\n\t<path class=\"elementor-shape-fill\" d=\"M41.9,19.3c0,0,1.2-0.3,2.9-0.1c1.7,0.2,5.8,0.9,8.2,0.7c4.2-0.4,7.4-2.7,7-2.6\tc-0.4,0-4.3,2.2-8.6,1.9c-1.8-0.1-5.1-0.5-6.7-0.4S41.9,19.3,41.9,19.3z\"\/>\n\t<path class=\"elementor-shape-fill\" d=\"M75.5,12.6c0.2,0.1,2-0.8,4.3-1.1c2.3-0.2,2.1-0.3,2.1-0.5c0-0.1-1.8-0.4-3.4,0\tC76.9,11.5,75.3,12.5,75.5,12.6z\"\/>\n\t<path class=\"elementor-shape-fill\" d=\"M15.6,13.2c0-0.1,4.3,0,6.7,0.5c2.4,0.5,5,1.9,5,2c0,0.1-2.7-0.8-5.1-1.4\tC19.9,13.7,15.7,13.3,15.6,13.2z\"\/>\n<\/svg>\t\t<\/div>\n\t\t\t\t<div class=\"elementor-element elementor-element-fb4999b elementor-widget elementor-widget-heading\" data-id=\"fb4999b\" data-element_type=\"widget\" data-e-type=\"widget\" data-widget_type=\"heading.default\">\n\t\t\t\t<div class=\"elementor-widget-container\">\n\t\t\t\t\t<h1 class=\"elementor-heading-title elementor-size-default\">Strandrollstuhl<\/h1>\t\t\t\t<\/div>\n\t\t\t\t<\/div>\n\t\t\t\t\t<\/div>\n\t\t\t\t<\/div>\n\t\t<div class=\"elementor-element elementor-element-900870e e-flex e-con-boxed e-con e-parent\" data-id=\"900870e\" data-element_type=\"container\" data-e-type=\"container\" data-settings=\"{&quot;jet_parallax_layout_list&quot;:[]}\">\n\t\t\t\t\t<div class=\"e-con-inner\">\n\t\t\t\t<div class=\"elementor-element elementor-element-6676366 elementor-widget elementor-widget-heading\" data-id=\"6676366\" data-element_type=\"widget\" data-e-type=\"widget\" data-widget_type=\"heading.default\">\n\t\t\t\t<div class=\"elementor-widget-container\">\n\t\t\t\t\t<h5 class=\"elementor-heading-title elementor-size-default\">Ein herrlicher Tag am Strand<\/h5>\t\t\t\t<\/div>\n\t\t\t\t<\/div>\n\t\t\t\t\t<\/div>\n\t\t\t\t<\/div>\n\t\t<div class=\"elementor-element elementor-element-ba2edfc e-flex e-con-boxed e-con e-parent\" data-id=\"ba2edfc\" data-element_type=\"container\" data-e-type=\"container\" data-settings=\"{&quot;jet_parallax_layout_list&quot;:[]}\">\n\t\t\t\t\t<div class=\"e-con-inner\">\n\t\t<div class=\"elementor-element elementor-element-c2dc508 e-con-full e-flex e-con e-child\" data-id=\"c2dc508\" data-element_type=\"container\" data-e-type=\"container\" data-settings=\"{&quot;jet_parallax_layout_list&quot;:[]}\">\n\t\t\t\t<div class=\"elementor-element elementor-element-95eb31d elementor-widget elementor-widget-text-editor\" data-id=\"95eb31d\" data-element_type=\"widget\" data-e-type=\"widget\" data-widget_type=\"text-editor.default\">\n\t\t\t\t<div class=\"elementor-widget-container\">\n\t\t\t\t\t\t\t\t\t<div class=\"et_pb_module et_pb_text et_pb_text_2 et_pb_text_align_center et_pb_bg_layout_light\"><div class=\"et_pb_text_inner\"><div class=\"et_pb_module et_pb_text et_pb_text_2 et_pb_text_align_center et_pb_bg_layout_light\"><div class=\"et_pb_text_inner\"><p><i>Mit der ganzen Familie am Strand<\/i><\/p><\/div><\/div><div class=\"et_pb_module et_pb_text et_pb_text_3 et_pb_text_align_center et_pb_bg_layout_light\"><div class=\"et_pb_text_inner\"><p>Der Strandpark Vlugtenburg liegt direkt an den D\u00fcnen von Slag Vlugtenburg. Ein super gem\u00fctlicher Strandeingang, an dem es viel zu tun gibt. Das wollen Sie doch nicht verpassen, oder? <\/p><h3>Ultimativer Genuss am Strand<\/h3><p>Strandrollst\u00fchle k\u00f6nnen f\u00fcr \u20ac10- pro Tag gemietet werden. So k\u00f6nnen Sie alle an den Strand gehen und das Meer genie\u00dfen!<\/p><h3>Schnell buchen! <\/h3><p>Sicherstellen, dass Sie nichts verpassen? Dann buchen Sie schnell bei der Stiftung Avavieren.<\/p><\/div><\/div><\/div><\/div>\t\t\t\t\t\t\t\t<\/div>\n\t\t\t\t<\/div>\n\t\t\t\t<div class=\"elementor-element elementor-element-5787100 elementor-widget elementor-widget-button\" data-id=\"5787100\" data-element_type=\"widget\" data-e-type=\"widget\" data-widget_type=\"button.default\">\n\t\t\t\t<div class=\"elementor-widget-container\">\n\t\t\t\t\t\t\t\t\t<div class=\"elementor-button-wrapper\">\n\t\t\t\t\t<a class=\"elementor-button elementor-button-link elementor-size-sm\" href=\"https:\/\/avavieren.nl\/strandrolstoel\/#huren\" target=\"_blank\">\n\t\t\t\t\t\t<span class=\"elementor-button-content-wrapper\">\n\t\t\t\t\t\t\t\t\t<span class=\"elementor-button-text\">Hier buchen<\/span>\n\t\t\t\t\t<\/span>\n\t\t\t\t\t<\/a>\n\t\t\t\t<\/div>\n\t\t\t\t\t\t\t\t<\/div>\n\t\t\t\t<\/div>\n\t\t\t\t<\/div>\n\t\t<div class=\"elementor-element elementor-element-b429c4e e-con-full e-flex e-con e-child\" data-id=\"b429c4e\" data-element_type=\"container\" data-e-type=\"container\" data-settings=\"{&quot;jet_parallax_layout_list&quot;:[]}\">\n\t\t\t\t<div class=\"elementor-element elementor-element-afc4869 elementor-widget elementor-widget-image\" data-id=\"afc4869\" data-element_type=\"widget\" data-e-type=\"widget\" data-widget_type=\"image.default\">\n\t\t\t\t<div class=\"elementor-widget-container\">\n\t\t\t\t\t\t\t\t\t\t\t\t\t\t\t<img fetchpriority=\"high\" decoding=\"async\" width=\"1728\" height=\"1296\" src=\"https:\/\/testomgeving.vlugtenburg.nl\/wp-content\/uploads\/2021\/10\/strandrolstoel.jpg\" class=\"attachment-full size-full wp-image-28159\" alt=\"Urlaub f\u00fcr Behinderte\" srcset=\"https:\/\/testomgeving.vlugtenburg.nl\/wp-content\/uploads\/2021\/10\/strandrolstoel.jpg 1728w, https:\/\/testomgeving.vlugtenburg.nl\/wp-content\/uploads\/2021\/10\/strandrolstoel-300x225.jpg 300w, https:\/\/testomgeving.vlugtenburg.nl\/wp-content\/uploads\/2021\/10\/strandrolstoel-1024x768.jpg 1024w, https:\/\/testomgeving.vlugtenburg.nl\/wp-content\/uploads\/2021\/10\/strandrolstoel-768x576.jpg 768w, https:\/\/testomgeving.vlugtenburg.nl\/wp-content\/uploads\/2021\/10\/strandrolstoel-1536x1152.jpg 1536w\" sizes=\"(max-width: 1728px) 100vw, 1728px\" \/>\t\t\t\t\t\t\t\t\t\t\t\t\t\t\t<\/div>\n\t\t\t\t<\/div>\n\t\t\t\t<div class=\"elementor-element elementor-element-4a6c92a elementor-widget elementor-widget-image\" data-id=\"4a6c92a\" data-element_type=\"widget\" data-e-type=\"widget\" data-widget_type=\"image.default\">\n\t\t\t\t<div class=\"elementor-widget-container\">\n\t\t\t\t\t\t\t\t\t\t\t\t\t\t\t<img decoding=\"async\" width=\"404\" height=\"303\" src=\"https:\/\/testomgeving.vlugtenburg.nl\/wp-content\/uploads\/2019\/10\/Rolstoel-Avavieren.jpg\" class=\"attachment-full size-full wp-image-27445\" alt=\"Urlaub f\u00fcr Behinderte\" srcset=\"https:\/\/testomgeving.vlugtenburg.nl\/wp-content\/uploads\/2019\/10\/Rolstoel-Avavieren.jpg 404w, https:\/\/testomgeving.vlugtenburg.nl\/wp-content\/uploads\/2019\/10\/Rolstoel-Avavieren-300x225.jpg 300w\" sizes=\"(max-width: 404px) 100vw, 404px\" \/>\t\t\t\t\t\t\t\t\t\t\t\t\t\t\t<\/div>\n\t\t\t\t<\/div>\n\t\t\t\t<\/div>\n\t\t\t\t\t<\/div>\n\t\t\t\t<\/div>\n\t\t\t\t<\/div>\n\t\t","protected":false},"excerpt":{"rendered":"<p>Strandrollstuhl Ein herrlicher Tag am Strand Mit der ganzen Familie am Strand Der Strandpark Vlugtenburg liegt direkt an den D\u00fcnen von Slag Vlugtenburg. Ein super gem\u00fctlicher Strandeingang, an dem es viel zu tun gibt. Das wollen Sie doch nicht verpassen, oder? Ultimativer Genuss am Strand Strandrollst\u00fchle k\u00f6nnen f\u00fcr \u20ac10- pro Tag gemietet werden. So k\u00f6nnen [&hellip;]<\/p>\n","protected":false},"author":1,"featured_media":28139,"parent":28760,"menu_order":0,"comment_status":"closed","ping_status":"closed","template":"","meta":{"footnotes":""},"class_list":["post-29387","page","type-page","status-publish","has-post-thumbnail","hentry"],"yoast_head":"<!-- This site is optimized with the Yoast SEO plugin v27.5 - https:\/\/yoast.com\/product\/yoast-seo-wordpress\/ -->\n<title>Strandrollstuhl verleih - Strandpark Vlugtenburg<\/title>\n<meta name=\"description\" content=\"Genie\u00dfen Sie einen Urlaub am Strand mit der ganzen Familie! Im Strandpark Vlugtenburg k\u00f6nnen Sie einen Strandrollstuhl mieten, damit alle mitfahren k\u00f6nnen!\" \/>\n<meta name=\"robots\" content=\"noindex, follow, max-snippet:-1, max-image-preview:large, max-video-preview:-1\" \/>\n<meta property=\"og:locale\" content=\"de_DE\" \/>\n<meta property=\"og:type\" content=\"article\" \/>\n<meta property=\"og:title\" content=\"Strandrollstuhl verleih - Strandpark Vlugtenburg\" \/>\n<meta property=\"og:description\" content=\"Genie\u00dfen Sie einen Urlaub am Strand mit der ganzen Familie! Im Strandpark Vlugtenburg k\u00f6nnen Sie einen Strandrollstuhl mieten, damit alle mitfahren k\u00f6nnen!\" \/>\n<meta property=\"og:url\" content=\"https:\/\/testomgeving.vlugtenburg.nl\/de\/verleih\/strandrollstuhl\/\" \/>\n<meta property=\"og:site_name\" content=\"Strandpark Vlugtenburg\" \/>\n<meta property=\"article:modified_time\" content=\"2026-03-31T07:59:16+00:00\" \/>\n<meta property=\"og:image\" content=\"https:\/\/testomgeving.vlugtenburg.nl\/wp-content\/uploads\/2021\/10\/22104419_1326237307480360_5147605162336803506_o.jpg\" \/>\n\t<meta property=\"og:image:width\" content=\"1800\" \/>\n\t<meta property=\"og:image:height\" content=\"1306\" \/>\n\t<meta property=\"og:image:type\" content=\"image\/jpeg\" \/>\n<meta name=\"twitter:card\" content=\"summary_large_image\" \/>\n<script type=\"application\/ld+json\" class=\"yoast-schema-graph\">{\"@context\":\"https:\\\/\\\/schema.org\",\"@graph\":[{\"@type\":\"WebPage\",\"@id\":\"https:\\\/\\\/testomgeving.vlugtenburg.nl\\\/de\\\/verleih\\\/strandrollstuhl\\\/\",\"url\":\"https:\\\/\\\/testomgeving.vlugtenburg.nl\\\/de\\\/verleih\\\/strandrollstuhl\\\/\",\"name\":\"Strandrollstuhl verleih - Strandpark Vlugtenburg\",\"isPartOf\":{\"@id\":\"https:\\\/\\\/testomgeving.vlugtenburg.nl\\\/de\\\/#website\"},\"primaryImageOfPage\":{\"@id\":\"https:\\\/\\\/testomgeving.vlugtenburg.nl\\\/de\\\/verleih\\\/strandrollstuhl\\\/#primaryimage\"},\"image\":{\"@id\":\"https:\\\/\\\/testomgeving.vlugtenburg.nl\\\/de\\\/verleih\\\/strandrollstuhl\\\/#primaryimage\"},\"thumbnailUrl\":\"https:\\\/\\\/testomgeving.vlugtenburg.nl\\\/wp-content\\\/uploads\\\/2021\\\/10\\\/22104419_1326237307480360_5147605162336803506_o.jpg\",\"datePublished\":\"2021-11-26T08:58:48+00:00\",\"dateModified\":\"2026-03-31T07:59:16+00:00\",\"description\":\"Genie\u00dfen Sie einen Urlaub am Strand mit der ganzen Familie! Im Strandpark Vlugtenburg k\u00f6nnen Sie einen Strandrollstuhl mieten, damit alle mitfahren k\u00f6nnen!\",\"breadcrumb\":{\"@id\":\"https:\\\/\\\/testomgeving.vlugtenburg.nl\\\/de\\\/verleih\\\/strandrollstuhl\\\/#breadcrumb\"},\"inLanguage\":\"de\",\"potentialAction\":[{\"@type\":\"ReadAction\",\"target\":[\"https:\\\/\\\/testomgeving.vlugtenburg.nl\\\/de\\\/verleih\\\/strandrollstuhl\\\/\"]}]},{\"@type\":\"ImageObject\",\"inLanguage\":\"de\",\"@id\":\"https:\\\/\\\/testomgeving.vlugtenburg.nl\\\/de\\\/verleih\\\/strandrollstuhl\\\/#primaryimage\",\"url\":\"https:\\\/\\\/testomgeving.vlugtenburg.nl\\\/wp-content\\\/uploads\\\/2021\\\/10\\\/22104419_1326237307480360_5147605162336803506_o.jpg\",\"contentUrl\":\"https:\\\/\\\/testomgeving.vlugtenburg.nl\\\/wp-content\\\/uploads\\\/2021\\\/10\\\/22104419_1326237307480360_5147605162336803506_o.jpg\",\"width\":1800,\"height\":1306,\"caption\":\"Urlaub f\u00fcr Behinderte\"},{\"@type\":\"BreadcrumbList\",\"@id\":\"https:\\\/\\\/testomgeving.vlugtenburg.nl\\\/de\\\/verleih\\\/strandrollstuhl\\\/#breadcrumb\",\"itemListElement\":[{\"@type\":\"ListItem\",\"position\":1,\"name\":\"Home\",\"item\":\"https:\\\/\\\/testomgeving.vlugtenburg.nl\\\/de\\\/\"},{\"@type\":\"ListItem\",\"position\":2,\"name\":\"Verleih\",\"item\":\"https:\\\/\\\/testomgeving.vlugtenburg.nl\\\/de\\\/verhuur\\\/\"},{\"@type\":\"ListItem\",\"position\":3,\"name\":\"Strandrollstuhl\"}]},{\"@type\":\"WebSite\",\"@id\":\"https:\\\/\\\/testomgeving.vlugtenburg.nl\\\/de\\\/#website\",\"url\":\"https:\\\/\\\/testomgeving.vlugtenburg.nl\\\/de\\\/\",\"name\":\"Strandpark Vlugtenburg\",\"description\":\"Vakantiepark aan zee\",\"publisher\":{\"@id\":\"https:\\\/\\\/testomgeving.vlugtenburg.nl\\\/de\\\/#organization\"},\"potentialAction\":[{\"@type\":\"SearchAction\",\"target\":{\"@type\":\"EntryPoint\",\"urlTemplate\":\"https:\\\/\\\/testomgeving.vlugtenburg.nl\\\/de\\\/?s={search_term_string}\"},\"query-input\":{\"@type\":\"PropertyValueSpecification\",\"valueRequired\":true,\"valueName\":\"search_term_string\"}}],\"inLanguage\":\"de\"},{\"@type\":\"Organization\",\"@id\":\"https:\\\/\\\/testomgeving.vlugtenburg.nl\\\/de\\\/#organization\",\"name\":\"Strandpark Vlugtenburg\",\"url\":\"https:\\\/\\\/testomgeving.vlugtenburg.nl\\\/de\\\/\",\"logo\":{\"@type\":\"ImageObject\",\"inLanguage\":\"de\",\"@id\":\"https:\\\/\\\/testomgeving.vlugtenburg.nl\\\/de\\\/#\\\/schema\\\/logo\\\/image\\\/\",\"url\":\"https:\\\/\\\/testomgeving.vlugtenburg.nl\\\/wp-content\\\/uploads\\\/2021\\\/08\\\/logo-vlugtenburg.svg\",\"contentUrl\":\"https:\\\/\\\/testomgeving.vlugtenburg.nl\\\/wp-content\\\/uploads\\\/2021\\\/08\\\/logo-vlugtenburg.svg\",\"width\":596,\"height\":123,\"caption\":\"Strandpark Vlugtenburg\"},\"image\":{\"@id\":\"https:\\\/\\\/testomgeving.vlugtenburg.nl\\\/de\\\/#\\\/schema\\\/logo\\\/image\\\/\"}}]}<\/script>\n<!-- \/ Yoast SEO plugin. -->","yoast_head_json":{"title":"Strandrollstuhl verleih - Strandpark Vlugtenburg","description":"Genie\u00dfen Sie einen Urlaub am Strand mit der ganzen Familie! Im Strandpark Vlugtenburg k\u00f6nnen Sie einen Strandrollstuhl mieten, damit alle mitfahren k\u00f6nnen!","robots":{"index":"noindex","follow":"follow","max-snippet":"max-snippet:-1","max-image-preview":"max-image-preview:large","max-video-preview":"max-video-preview:-1"},"og_locale":"de_DE","og_type":"article","og_title":"Strandrollstuhl verleih - Strandpark Vlugtenburg","og_description":"Genie\u00dfen Sie einen Urlaub am Strand mit der ganzen Familie! Im Strandpark Vlugtenburg k\u00f6nnen Sie einen Strandrollstuhl mieten, damit alle mitfahren k\u00f6nnen!","og_url":"https:\/\/testomgeving.vlugtenburg.nl\/de\/verleih\/strandrollstuhl\/","og_site_name":"Strandpark Vlugtenburg","article_modified_time":"2026-03-31T07:59:16+00:00","og_image":[{"width":1800,"height":1306,"url":"https:\/\/testomgeving.vlugtenburg.nl\/wp-content\/uploads\/2021\/10\/22104419_1326237307480360_5147605162336803506_o.jpg","type":"image\/jpeg"}],"twitter_card":"summary_large_image","schema":{"@context":"https:\/\/schema.org","@graph":[{"@type":"WebPage","@id":"https:\/\/testomgeving.vlugtenburg.nl\/de\/verleih\/strandrollstuhl\/","url":"https:\/\/testomgeving.vlugtenburg.nl\/de\/verleih\/strandrollstuhl\/","name":"Strandrollstuhl verleih - Strandpark Vlugtenburg","isPartOf":{"@id":"https:\/\/testomgeving.vlugtenburg.nl\/de\/#website"},"primaryImageOfPage":{"@id":"https:\/\/testomgeving.vlugtenburg.nl\/de\/verleih\/strandrollstuhl\/#primaryimage"},"image":{"@id":"https:\/\/testomgeving.vlugtenburg.nl\/de\/verleih\/strandrollstuhl\/#primaryimage"},"thumbnailUrl":"https:\/\/testomgeving.vlugtenburg.nl\/wp-content\/uploads\/2021\/10\/22104419_1326237307480360_5147605162336803506_o.jpg","datePublished":"2021-11-26T08:58:48+00:00","dateModified":"2026-03-31T07:59:16+00:00","description":"Genie\u00dfen Sie einen Urlaub am Strand mit der ganzen Familie! Im Strandpark Vlugtenburg k\u00f6nnen Sie einen Strandrollstuhl mieten, damit alle mitfahren k\u00f6nnen!","breadcrumb":{"@id":"https:\/\/testomgeving.vlugtenburg.nl\/de\/verleih\/strandrollstuhl\/#breadcrumb"},"inLanguage":"de","potentialAction":[{"@type":"ReadAction","target":["https:\/\/testomgeving.vlugtenburg.nl\/de\/verleih\/strandrollstuhl\/"]}]},{"@type":"ImageObject","inLanguage":"de","@id":"https:\/\/testomgeving.vlugtenburg.nl\/de\/verleih\/strandrollstuhl\/#primaryimage","url":"https:\/\/testomgeving.vlugtenburg.nl\/wp-content\/uploads\/2021\/10\/22104419_1326237307480360_5147605162336803506_o.jpg","contentUrl":"https:\/\/testomgeving.vlugtenburg.nl\/wp-content\/uploads\/2021\/10\/22104419_1326237307480360_5147605162336803506_o.jpg","width":1800,"height":1306,"caption":"Urlaub f\u00fcr Behinderte"},{"@type":"BreadcrumbList","@id":"https:\/\/testomgeving.vlugtenburg.nl\/de\/verleih\/strandrollstuhl\/#breadcrumb","itemListElement":[{"@type":"ListItem","position":1,"name":"Home","item":"https:\/\/testomgeving.vlugtenburg.nl\/de\/"},{"@type":"ListItem","position":2,"name":"Verleih","item":"https:\/\/testomgeving.vlugtenburg.nl\/de\/verhuur\/"},{"@type":"ListItem","position":3,"name":"Strandrollstuhl"}]},{"@type":"WebSite","@id":"https:\/\/testomgeving.vlugtenburg.nl\/de\/#website","url":"https:\/\/testomgeving.vlugtenburg.nl\/de\/","name":"Strandpark Vlugtenburg","description":"Vakantiepark aan zee","publisher":{"@id":"https:\/\/testomgeving.vlugtenburg.nl\/de\/#organization"},"potentialAction":[{"@type":"SearchAction","target":{"@type":"EntryPoint","urlTemplate":"https:\/\/testomgeving.vlugtenburg.nl\/de\/?s={search_term_string}"},"query-input":{"@type":"PropertyValueSpecification","valueRequired":true,"valueName":"search_term_string"}}],"inLanguage":"de"},{"@type":"Organization","@id":"https:\/\/testomgeving.vlugtenburg.nl\/de\/#organization","name":"Strandpark Vlugtenburg","url":"https:\/\/testomgeving.vlugtenburg.nl\/de\/","logo":{"@type":"ImageObject","inLanguage":"de","@id":"https:\/\/testomgeving.vlugtenburg.nl\/de\/#\/schema\/logo\/image\/","url":"https:\/\/testomgeving.vlugtenburg.nl\/wp-content\/uploads\/2021\/08\/logo-vlugtenburg.svg","contentUrl":"https:\/\/testomgeving.vlugtenburg.nl\/wp-content\/uploads\/2021\/08\/logo-vlugtenburg.svg","width":596,"height":123,"caption":"Strandpark Vlugtenburg"},"image":{"@id":"https:\/\/testomgeving.vlugtenburg.nl\/de\/#\/schema\/logo\/image\/"}}]}},"_links":{"self":[{"href":"https:\/\/testomgeving.vlugtenburg.nl\/de\/wp-json\/wp\/v2\/pages\/29387","targetHints":{"allow":["GET"]}}],"collection":[{"href":"https:\/\/testomgeving.vlugtenburg.nl\/de\/wp-json\/wp\/v2\/pages"}],"about":[{"href":"https:\/\/testomgeving.vlugtenburg.nl\/de\/wp-json\/wp\/v2\/types\/page"}],"author":[{"embeddable":true,"href":"https:\/\/testomgeving.vlugtenburg.nl\/de\/wp-json\/wp\/v2\/users\/1"}],"replies":[{"embeddable":true,"href":"https:\/\/testomgeving.vlugtenburg.nl\/de\/wp-json\/wp\/v2\/comments?post=29387"}],"version-history":[{"count":3,"href":"https:\/\/testomgeving.vlugtenburg.nl\/de\/wp-json\/wp\/v2\/pages\/29387\/revisions"}],"predecessor-version":[{"id":50824,"href":"https:\/\/testomgeving.vlugtenburg.nl\/de\/wp-json\/wp\/v2\/pages\/29387\/revisions\/50824"}],"up":[{"embeddable":true,"href":"https:\/\/testomgeving.vlugtenburg.nl\/de\/wp-json\/wp\/v2\/pages\/28760"}],"wp:featuredmedia":[{"embeddable":true,"href":"https:\/\/testomgeving.vlugtenburg.nl\/de\/wp-json\/wp\/v2\/media\/28139"}],"wp:attachment":[{"href":"https:\/\/testomgeving.vlugtenburg.nl\/de\/wp-json\/wp\/v2\/media?parent=29387"}],"curies":[{"name":"wp","href":"https:\/\/api.w.org\/{rel}","templated":true}]}}