{"id":29392,"date":"2021-11-26T09:19:30","date_gmt":"2021-11-26T09:19:30","guid":{"rendered":"https:\/\/bookzo.resetwebstudio.nl\/verleih\/strand-raupe\/"},"modified":"2026-03-31T07:59:51","modified_gmt":"2026-03-31T07:59:51","slug":"strand-raupe","status":"publish","type":"page","link":"https:\/\/testomgeving.vlugtenburg.nl\/de\/verleih\/strand-raupe\/","title":{"rendered":"Strand-Raupe"},"content":{"rendered":"\t\t<div data-elementor-type=\"wp-page\" data-elementor-id=\"29392\" class=\"elementor elementor-29392 elementor-24986\" data-elementor-post-type=\"page\">\n\t\t\t\t<div class=\"elementor-element elementor-element-4268214 e-flex e-con-boxed e-con e-parent\" data-id=\"4268214\" data-element_type=\"container\" data-e-type=\"container\" data-settings=\"{&quot;background_background&quot;:&quot;classic&quot;,&quot;shape_divider_bottom&quot;:&quot;wave-brush&quot;,&quot;jet_parallax_layout_list&quot;:[]}\">\n\t\t\t\t\t<div class=\"e-con-inner\">\n\t\t\t\t<div class=\"elementor-shape elementor-shape-bottom\" aria-hidden=\"true\" data-negative=\"false\">\n\t\t\t<svg xmlns=\"http:\/\/www.w3.org\/2000\/svg\" viewBox=\"0 0 283.5 27.8\" preserveAspectRatio=\"none\">\n\t<path class=\"elementor-shape-fill\" d=\"M283.5,9.7c0,0-7.3,4.3-14,4.6c-6.8,0.3-12.6,0-20.9-1.5c-11.3-2-33.1-10.1-44.7-5.7\ts-12.1,4.6-18,7.4c-6.6,3.2-20,9.6-36.6,9.3C131.6,23.5,99.5,7.2,86.3,8c-1.4,0.1-6.6,0.8-10.5,2c-3.8,1.2-9.4,3.8-17,4.7\tc-3.2,0.4-8.3,1.1-14.2,0.9c-1.5-0.1-6.3-0.4-12-1.6c-5.7-1.2-11-3.1-15.8-3.7C6.5,9.2,0,10.8,0,10.8V0h283.5V9.7z M260.8,11.3\tc-0.7-1-2-0.4-4.3-0.4c-2.3,0-6.1-1.2-5.8-1.1c0.3,0.1,3.1,1.5,6,1.9C259.7,12.2,261.4,12.3,260.8,11.3z M242.4,8.6\tc0,0-2.4-0.2-5.6-0.9c-3.2-0.8-10.3-2.8-15.1-3.5c-8.2-1.1-15.8,0-15.1,0.1c0.8,0.1,9.6-0.6,17.6,1.1c3.3,0.7,9.3,2.2,12.4,2.7\tC239.9,8.7,242.4,8.6,242.4,8.6z M185.2,8.5c1.7-0.7-13.3,4.7-18.5,6.1c-2.1,0.6-6.2,1.6-10,2c-3.9,0.4-8.9,0.4-8.8,0.5\tc0,0.2,5.8,0.8,11.2,0c5.4-0.8,5.2-1.1,7.6-1.6C170.5,14.7,183.5,9.2,185.2,8.5z M199.1,6.9c0.2,0-0.8-0.4-4.8,1.1\tc-4,1.5-6.7,3.5-6.9,3.7c-0.2,0.1,3.5-1.8,6.6-3C197,7.5,199,6.9,199.1,6.9z M283,6c-0.1,0.1-1.9,1.1-4.8,2.5s-6.9,2.8-6.7,2.7\tc0.2,0,3.5-0.6,7.4-2.5C282.8,6.8,283.1,5.9,283,6z M31.3,11.6c0.1-0.2-1.9-0.2-4.5-1.2s-5.4-1.6-7.8-2C15,7.6,7.3,8.5,7.7,8.6\tC8,8.7,15.9,8.3,20.2,9.3c2.2,0.5,2.4,0.5,5.7,1.6S31.2,11.9,31.3,11.6z M73,9.2c0.4-0.1,3.5-1.6,8.4-2.6c4.9-1.1,8.9-0.5,8.9-0.8\tc0-0.3-1-0.9-6.2-0.3S72.6,9.3,73,9.2z M71.6,6.7C71.8,6.8,75,5.4,77.3,5c2.3-0.3,1.9-0.5,1.9-0.6c0-0.1-1.1-0.2-2.7,0.2\tC74.8,5.1,71.4,6.6,71.6,6.7z M93.6,4.4c0.1,0.2,3.5,0.8,5.6,1.8c2.1,1,1.8,0.6,1.9,0.5c0.1-0.1-0.8-0.8-2.4-1.3\tC97.1,4.8,93.5,4.2,93.6,4.4z M65.4,11.1c-0.1,0.3,0.3,0.5,1.9-0.2s2.6-1.3,2.2-1.2s-0.9,0.4-2.5,0.8C65.3,10.9,65.5,10.8,65.4,11.1\tz M34.5,12.4c-0.2,0,2.1,0.8,3.3,0.9c1.2,0.1,2,0.1,2-0.2c0-0.3-0.1-0.5-1.6-0.4C36.6,12.8,34.7,12.4,34.5,12.4z M152.2,21.1\tc-0.1,0.1-2.4-0.3-7.5-0.3c-5,0-13.6-2.4-17.2-3.5c-3.6-1.1,10,3.9,16.5,4.1C150.5,21.6,152.3,21,152.2,21.1z\"\/>\n\t<path class=\"elementor-shape-fill\" d=\"M269.6,18c-0.1-0.1-4.6,0.3-7.2,0c-7.3-0.7-17-3.2-16.6-2.9c0.4,0.3,13.7,3.1,17,3.3\tC267.7,18.8,269.7,18,269.6,18z\"\/>\n\t<path class=\"elementor-shape-fill\" d=\"M227.4,9.8c-0.2-0.1-4.5-1-9.5-1.2c-5-0.2-12.7,0.6-12.3,0.5c0.3-0.1,5.9-1.8,13.3-1.2\tS227.6,9.9,227.4,9.8z\"\/>\n\t<path class=\"elementor-shape-fill\" d=\"M204.5,13.4c-0.1-0.1,2-1,3.2-1.1c1.2-0.1,2,0,2,0.3c0,0.3-0.1,0.5-1.6,0.4\tC206.4,12.9,204.6,13.5,204.5,13.4z\"\/>\n\t<path class=\"elementor-shape-fill\" d=\"M201,10.6c0-0.1-4.4,1.2-6.3,2.2c-1.9,0.9-6.2,3.1-6.1,3.1c0.1,0.1,4.2-1.6,6.3-2.6\tS201,10.7,201,10.6z\"\/>\n\t<path class=\"elementor-shape-fill\" d=\"M154.5,26.7c-0.1-0.1-4.6,0.3-7.2,0c-7.3-0.7-17-3.2-16.6-2.9c0.4,0.3,13.7,3.1,17,3.3\tC152.6,27.5,154.6,26.8,154.5,26.7z\"\/>\n\t<path class=\"elementor-shape-fill\" d=\"M41.9,19.3c0,0,1.2-0.3,2.9-0.1c1.7,0.2,5.8,0.9,8.2,0.7c4.2-0.4,7.4-2.7,7-2.6\tc-0.4,0-4.3,2.2-8.6,1.9c-1.8-0.1-5.1-0.5-6.7-0.4S41.9,19.3,41.9,19.3z\"\/>\n\t<path class=\"elementor-shape-fill\" d=\"M75.5,12.6c0.2,0.1,2-0.8,4.3-1.1c2.3-0.2,2.1-0.3,2.1-0.5c0-0.1-1.8-0.4-3.4,0\tC76.9,11.5,75.3,12.5,75.5,12.6z\"\/>\n\t<path class=\"elementor-shape-fill\" d=\"M15.6,13.2c0-0.1,4.3,0,6.7,0.5c2.4,0.5,5,1.9,5,2c0,0.1-2.7-0.8-5.1-1.4\tC19.9,13.7,15.7,13.3,15.6,13.2z\"\/>\n<\/svg>\t\t<\/div>\n\t\t\t\t<div class=\"elementor-element elementor-element-5458d3b elementor-widget elementor-widget-heading\" data-id=\"5458d3b\" data-element_type=\"widget\" data-e-type=\"widget\" data-widget_type=\"heading.default\">\n\t\t\t\t<div class=\"elementor-widget-container\">\n\t\t\t\t\t<h1 class=\"elementor-heading-title elementor-size-default\">Strand-Raupe<\/h1>\t\t\t\t<\/div>\n\t\t\t\t<\/div>\n\t\t\t\t\t<\/div>\n\t\t\t\t<\/div>\n\t\t<div class=\"elementor-element elementor-element-5e40a18 e-flex e-con-boxed e-con e-parent\" data-id=\"5e40a18\" data-element_type=\"container\" data-e-type=\"container\" data-settings=\"{&quot;jet_parallax_layout_list&quot;:[]}\">\n\t\t\t\t\t<div class=\"e-con-inner\">\n\t\t\t\t<div class=\"elementor-element elementor-element-abad34a elementor-widget elementor-widget-heading\" data-id=\"abad34a\" data-element_type=\"widget\" data-e-type=\"widget\" data-widget_type=\"heading.default\">\n\t\t\t\t<div class=\"elementor-widget-container\">\n\t\t\t\t\t<h5 class=\"elementor-heading-title elementor-size-default\">Im Urlaub mit der ganzen Familie!<\/h5>\t\t\t\t<\/div>\n\t\t\t\t<\/div>\n\t\t\t\t\t<\/div>\n\t\t\t\t<\/div>\n\t\t<div class=\"elementor-element elementor-element-cae4c05 e-flex e-con-boxed e-con e-parent\" data-id=\"cae4c05\" data-element_type=\"container\" data-e-type=\"container\" data-settings=\"{&quot;jet_parallax_layout_list&quot;:[]}\">\n\t\t\t\t\t<div class=\"e-con-inner\">\n\t\t<div class=\"elementor-element elementor-element-bc5c7a7 e-con-full e-flex e-con e-child\" data-id=\"bc5c7a7\" data-element_type=\"container\" data-e-type=\"container\" data-settings=\"{&quot;jet_parallax_layout_list&quot;:[]}\">\n\t\t\t\t<div class=\"elementor-element elementor-element-c005276 elementor-widget elementor-widget-text-editor\" data-id=\"c005276\" data-element_type=\"widget\" data-e-type=\"widget\" data-widget_type=\"text-editor.default\">\n\t\t\t\t<div class=\"elementor-widget-container\">\n\t\t\t\t\t\t\t\t\t<div class=\"et_pb_module et_pb_text et_pb_text_2 et_pb_text_align_center et_pb_bg_layout_light\"><div class=\"et_pb_text_inner\"><div class=\"et_pb_module et_pb_text et_pb_text_2 et_pb_text_align_center et_pb_bg_layout_light\"><div class=\"et_pb_text_inner\"><p><i>Genie\u00dfen Sie den Strand<\/i><\/p><\/div><\/div><div class=\"et_pb_module et_pb_text et_pb_text_3 et_pb_text_align_center et_pb_bg_layout_light\"><p>Der Beach Crawler <a href=\"https:\/\/avavieren.nl\/\">der Avavieren Stiftung<\/a> ist ein einzigartiges Fahrzeug. Sie wird von zwei Elektromotoren angetrieben und ist damit die einzige elektrisch betriebene Bahn in den Niederlanden. \u00d6kologisch bereit f\u00fcr die Zukunft. Ein Ausflug mit der Strandraupe ist zum Beispiel ideal, um ihn mit einem Aufenthalt in <a href=\"https:\/\/testomgeving.vlugtenburg.nl\/de\/pflege-bungalows\/\">unseren Pflegebungalows<\/a> zu kombinieren. Eine Strandraupe zu mieten ist f\u00fcr jeden magisch!<\/p><h3 class=\"et_pb_text_inner\">Einzigartiges Transportmittel<\/h3><p>Diese Raupenplattform bietet Platz f\u00fcr drei oder vier Rollst\u00fchle. Ohne Rollst\u00fchle bietet die Strandraupe Platz f\u00fcr acht Personen. Die Kosten f\u00fcr eine Fahrt betragen \u20ac50 bei einer maximalen Anzahl von 3 Rollst\u00fchlen oder 8 Personen.<\/p><p><span style=\"text-decoration: underline;\">Das ganze Jahr \u00fcber<\/span><\/p><p>Der Strandtransporter f\u00e4hrt das ganze Jahr \u00fcber. Bei schlechtem Wetter wird in gegenseitigem Einvernehmen entschieden, ob die Fahrt abgesagt oder neu angesetzt wird.<\/p><h3>Reservierung<\/h3><p>Sicher sein, dass du zum Strand gehen kannst? Dann buchen Sie schnell einen Platz bei der Ava Animals Foundation<\/p><\/div><\/div><\/div>\t\t\t\t\t\t\t\t<\/div>\n\t\t\t\t<\/div>\n\t\t\t\t<div class=\"elementor-element elementor-element-f6b9f91 elementor-widget elementor-widget-button\" data-id=\"f6b9f91\" data-element_type=\"widget\" data-e-type=\"widget\" data-widget_type=\"button.default\">\n\t\t\t\t<div class=\"elementor-widget-container\">\n\t\t\t\t\t\t\t\t\t<div class=\"elementor-button-wrapper\">\n\t\t\t\t\t<a class=\"elementor-button elementor-button-link elementor-size-sm\" href=\"https:\/\/avavieren.nl\/strandrups\/#boeken\" target=\"_blank\">\n\t\t\t\t\t\t<span class=\"elementor-button-content-wrapper\">\n\t\t\t\t\t\t\t\t\t<span class=\"elementor-button-text\">Hier buchen<\/span>\n\t\t\t\t\t<\/span>\n\t\t\t\t\t<\/a>\n\t\t\t\t<\/div>\n\t\t\t\t\t\t\t\t<\/div>\n\t\t\t\t<\/div>\n\t\t\t\t<\/div>\n\t\t<div class=\"elementor-element elementor-element-51d240c e-con-full e-flex e-con e-child\" data-id=\"51d240c\" data-element_type=\"container\" data-e-type=\"container\" data-settings=\"{&quot;jet_parallax_layout_list&quot;:[]}\">\n\t\t\t\t<div class=\"elementor-element elementor-element-2210e30 elementor-widget elementor-widget-image\" data-id=\"2210e30\" data-element_type=\"widget\" data-e-type=\"widget\" data-widget_type=\"image.default\">\n\t\t\t\t<div class=\"elementor-widget-container\">\n\t\t\t\t\t\t\t\t\t\t\t\t\t\t\t<img fetchpriority=\"high\" decoding=\"async\" width=\"800\" height=\"600\" src=\"https:\/\/testomgeving.vlugtenburg.nl\/wp-content\/uploads\/2021\/10\/strandrups-1024x768.jpg\" class=\"attachment-large size-large wp-image-28157\" alt=\"Urlaub f\u00fcr Behinderte\" srcset=\"https:\/\/testomgeving.vlugtenburg.nl\/wp-content\/uploads\/2021\/10\/strandrups-1024x768.jpg 1024w, https:\/\/testomgeving.vlugtenburg.nl\/wp-content\/uploads\/2021\/10\/strandrups-300x225.jpg 300w, https:\/\/testomgeving.vlugtenburg.nl\/wp-content\/uploads\/2021\/10\/strandrups-768x576.jpg 768w, https:\/\/testomgeving.vlugtenburg.nl\/wp-content\/uploads\/2021\/10\/strandrups-1536x1152.jpg 1536w, https:\/\/testomgeving.vlugtenburg.nl\/wp-content\/uploads\/2021\/10\/strandrups.jpg 1800w\" sizes=\"(max-width: 800px) 100vw, 800px\" \/>\t\t\t\t\t\t\t\t\t\t\t\t\t\t\t<\/div>\n\t\t\t\t<\/div>\n\t\t\t\t<div class=\"elementor-element elementor-element-bb3a019 elementor-widget elementor-widget-image\" data-id=\"bb3a019\" data-element_type=\"widget\" data-e-type=\"widget\" data-widget_type=\"image.default\">\n\t\t\t\t<div class=\"elementor-widget-container\">\n\t\t\t\t\t\t\t\t\t\t\t\t\t\t\t<img decoding=\"async\" width=\"600\" height=\"400\" src=\"https:\/\/testomgeving.vlugtenburg.nl\/wp-content\/uploads\/2019\/07\/DSC04586.jpg\" class=\"attachment-large size-large wp-image-27391\" alt=\"Strand-Raupenverleih\" srcset=\"https:\/\/testomgeving.vlugtenburg.nl\/wp-content\/uploads\/2019\/07\/DSC04586.jpg 600w, https:\/\/testomgeving.vlugtenburg.nl\/wp-content\/uploads\/2019\/07\/DSC04586-300x200.jpg 300w\" sizes=\"(max-width: 600px) 100vw, 600px\" \/>\t\t\t\t\t\t\t\t\t\t\t\t\t\t\t<\/div>\n\t\t\t\t<\/div>\n\t\t\t\t<\/div>\n\t\t\t\t\t<\/div>\n\t\t\t\t<\/div>\n\t\t\t\t<\/div>\n\t\t","protected":false},"excerpt":{"rendered":"<p>Strand-Raupe Im Urlaub mit der ganzen Familie! Genie\u00dfen Sie den Strand Der Beach Crawler der Avavieren Stiftung ist ein einzigartiges Fahrzeug. Sie wird von zwei Elektromotoren angetrieben und ist damit die einzige elektrisch betriebene Bahn in den Niederlanden. \u00d6kologisch bereit f\u00fcr die Zukunft. Ein Ausflug mit der Strandraupe ist zum Beispiel ideal, um ihn mit [&hellip;]<\/p>\n","protected":false},"author":1,"featured_media":28141,"parent":28760,"menu_order":0,"comment_status":"closed","ping_status":"closed","template":"","meta":{"footnotes":""},"class_list":["post-29392","page","type-page","status-publish","has-post-thumbnail","hentry"],"yoast_head":"<!-- This site is optimized with the Yoast SEO plugin v27.5 - https:\/\/yoast.com\/product\/yoast-seo-wordpress\/ -->\n<title>Strand-Raupe verleih - Strandpark Vlugtenburg<\/title>\n<meta name=\"description\" content=\"Im Urlaub mit der ganzen Familie! \u00dcber die Stichting Avavieren bietet der Strandpark Vlugtenburg die M\u00f6glichkeit, eine Strandraupe zu mieten.\" \/>\n<meta name=\"robots\" content=\"noindex, follow, max-snippet:-1, max-image-preview:large, max-video-preview:-1\" \/>\n<meta property=\"og:locale\" content=\"de_DE\" \/>\n<meta property=\"og:type\" content=\"article\" \/>\n<meta property=\"og:title\" content=\"Strand-Raupe verleih - Strandpark Vlugtenburg\" \/>\n<meta property=\"og:description\" content=\"Im Urlaub mit der ganzen Familie! \u00dcber die Stichting Avavieren bietet der Strandpark Vlugtenburg die M\u00f6glichkeit, eine Strandraupe zu mieten.\" \/>\n<meta property=\"og:url\" content=\"https:\/\/testomgeving.vlugtenburg.nl\/de\/verleih\/strand-raupe\/\" \/>\n<meta property=\"og:site_name\" content=\"Strandpark Vlugtenburg\" \/>\n<meta property=\"article:modified_time\" content=\"2026-03-31T07:59:51+00:00\" \/>\n<meta property=\"og:image\" content=\"https:\/\/testomgeving.vlugtenburg.nl\/wp-content\/uploads\/2021\/10\/20200720_142245-2.jpg\" \/>\n\t<meta property=\"og:image:width\" content=\"1800\" \/>\n\t<meta property=\"og:image:height\" content=\"1336\" \/>\n\t<meta property=\"og:image:type\" content=\"image\/jpeg\" \/>\n<meta name=\"twitter:card\" content=\"summary_large_image\" \/>\n<meta name=\"twitter:label1\" content=\"Gesch\u00e4tzte Lesezeit\" \/>\n\t<meta name=\"twitter:data1\" content=\"1\u00a0Minute\" \/>\n<script type=\"application\/ld+json\" class=\"yoast-schema-graph\">{\"@context\":\"https:\\\/\\\/schema.org\",\"@graph\":[{\"@type\":\"WebPage\",\"@id\":\"https:\\\/\\\/testomgeving.vlugtenburg.nl\\\/de\\\/verleih\\\/strand-raupe\\\/\",\"url\":\"https:\\\/\\\/testomgeving.vlugtenburg.nl\\\/de\\\/verleih\\\/strand-raupe\\\/\",\"name\":\"Strand-Raupe verleih - Strandpark Vlugtenburg\",\"isPartOf\":{\"@id\":\"https:\\\/\\\/testomgeving.vlugtenburg.nl\\\/de\\\/#website\"},\"primaryImageOfPage\":{\"@id\":\"https:\\\/\\\/testomgeving.vlugtenburg.nl\\\/de\\\/verleih\\\/strand-raupe\\\/#primaryimage\"},\"image\":{\"@id\":\"https:\\\/\\\/testomgeving.vlugtenburg.nl\\\/de\\\/verleih\\\/strand-raupe\\\/#primaryimage\"},\"thumbnailUrl\":\"https:\\\/\\\/testomgeving.vlugtenburg.nl\\\/wp-content\\\/uploads\\\/2021\\\/10\\\/20200720_142245-2.jpg\",\"datePublished\":\"2021-11-26T09:19:30+00:00\",\"dateModified\":\"2026-03-31T07:59:51+00:00\",\"description\":\"Im Urlaub mit der ganzen Familie! \u00dcber die Stichting Avavieren bietet der Strandpark Vlugtenburg die M\u00f6glichkeit, eine Strandraupe zu mieten.\",\"breadcrumb\":{\"@id\":\"https:\\\/\\\/testomgeving.vlugtenburg.nl\\\/de\\\/verleih\\\/strand-raupe\\\/#breadcrumb\"},\"inLanguage\":\"de\",\"potentialAction\":[{\"@type\":\"ReadAction\",\"target\":[\"https:\\\/\\\/testomgeving.vlugtenburg.nl\\\/de\\\/verleih\\\/strand-raupe\\\/\"]}]},{\"@type\":\"ImageObject\",\"inLanguage\":\"de\",\"@id\":\"https:\\\/\\\/testomgeving.vlugtenburg.nl\\\/de\\\/verleih\\\/strand-raupe\\\/#primaryimage\",\"url\":\"https:\\\/\\\/testomgeving.vlugtenburg.nl\\\/wp-content\\\/uploads\\\/2021\\\/10\\\/20200720_142245-2.jpg\",\"contentUrl\":\"https:\\\/\\\/testomgeving.vlugtenburg.nl\\\/wp-content\\\/uploads\\\/2021\\\/10\\\/20200720_142245-2.jpg\",\"width\":1800,\"height\":1336,\"caption\":\"Urlaub f\u00fcr Behinderte\"},{\"@type\":\"BreadcrumbList\",\"@id\":\"https:\\\/\\\/testomgeving.vlugtenburg.nl\\\/de\\\/verleih\\\/strand-raupe\\\/#breadcrumb\",\"itemListElement\":[{\"@type\":\"ListItem\",\"position\":1,\"name\":\"Home\",\"item\":\"https:\\\/\\\/testomgeving.vlugtenburg.nl\\\/de\\\/\"},{\"@type\":\"ListItem\",\"position\":2,\"name\":\"Verleih\",\"item\":\"https:\\\/\\\/testomgeving.vlugtenburg.nl\\\/de\\\/verhuur\\\/\"},{\"@type\":\"ListItem\",\"position\":3,\"name\":\"Strand-Raupe\"}]},{\"@type\":\"WebSite\",\"@id\":\"https:\\\/\\\/testomgeving.vlugtenburg.nl\\\/de\\\/#website\",\"url\":\"https:\\\/\\\/testomgeving.vlugtenburg.nl\\\/de\\\/\",\"name\":\"Strandpark Vlugtenburg\",\"description\":\"Vakantiepark aan zee\",\"publisher\":{\"@id\":\"https:\\\/\\\/testomgeving.vlugtenburg.nl\\\/de\\\/#organization\"},\"potentialAction\":[{\"@type\":\"SearchAction\",\"target\":{\"@type\":\"EntryPoint\",\"urlTemplate\":\"https:\\\/\\\/testomgeving.vlugtenburg.nl\\\/de\\\/?s={search_term_string}\"},\"query-input\":{\"@type\":\"PropertyValueSpecification\",\"valueRequired\":true,\"valueName\":\"search_term_string\"}}],\"inLanguage\":\"de\"},{\"@type\":\"Organization\",\"@id\":\"https:\\\/\\\/testomgeving.vlugtenburg.nl\\\/de\\\/#organization\",\"name\":\"Strandpark Vlugtenburg\",\"url\":\"https:\\\/\\\/testomgeving.vlugtenburg.nl\\\/de\\\/\",\"logo\":{\"@type\":\"ImageObject\",\"inLanguage\":\"de\",\"@id\":\"https:\\\/\\\/testomgeving.vlugtenburg.nl\\\/de\\\/#\\\/schema\\\/logo\\\/image\\\/\",\"url\":\"https:\\\/\\\/testomgeving.vlugtenburg.nl\\\/wp-content\\\/uploads\\\/2021\\\/08\\\/logo-vlugtenburg.svg\",\"contentUrl\":\"https:\\\/\\\/testomgeving.vlugtenburg.nl\\\/wp-content\\\/uploads\\\/2021\\\/08\\\/logo-vlugtenburg.svg\",\"width\":596,\"height\":123,\"caption\":\"Strandpark Vlugtenburg\"},\"image\":{\"@id\":\"https:\\\/\\\/testomgeving.vlugtenburg.nl\\\/de\\\/#\\\/schema\\\/logo\\\/image\\\/\"}}]}<\/script>\n<!-- \/ Yoast SEO plugin. -->","yoast_head_json":{"title":"Strand-Raupe verleih - Strandpark Vlugtenburg","description":"Im Urlaub mit der ganzen Familie! \u00dcber die Stichting Avavieren bietet der Strandpark Vlugtenburg die M\u00f6glichkeit, eine Strandraupe zu mieten.","robots":{"index":"noindex","follow":"follow","max-snippet":"max-snippet:-1","max-image-preview":"max-image-preview:large","max-video-preview":"max-video-preview:-1"},"og_locale":"de_DE","og_type":"article","og_title":"Strand-Raupe verleih - Strandpark Vlugtenburg","og_description":"Im Urlaub mit der ganzen Familie! \u00dcber die Stichting Avavieren bietet der Strandpark Vlugtenburg die M\u00f6glichkeit, eine Strandraupe zu mieten.","og_url":"https:\/\/testomgeving.vlugtenburg.nl\/de\/verleih\/strand-raupe\/","og_site_name":"Strandpark Vlugtenburg","article_modified_time":"2026-03-31T07:59:51+00:00","og_image":[{"width":1800,"height":1336,"url":"https:\/\/testomgeving.vlugtenburg.nl\/wp-content\/uploads\/2021\/10\/20200720_142245-2.jpg","type":"image\/jpeg"}],"twitter_card":"summary_large_image","twitter_misc":{"Gesch\u00e4tzte Lesezeit":"1\u00a0Minute"},"schema":{"@context":"https:\/\/schema.org","@graph":[{"@type":"WebPage","@id":"https:\/\/testomgeving.vlugtenburg.nl\/de\/verleih\/strand-raupe\/","url":"https:\/\/testomgeving.vlugtenburg.nl\/de\/verleih\/strand-raupe\/","name":"Strand-Raupe verleih - Strandpark Vlugtenburg","isPartOf":{"@id":"https:\/\/testomgeving.vlugtenburg.nl\/de\/#website"},"primaryImageOfPage":{"@id":"https:\/\/testomgeving.vlugtenburg.nl\/de\/verleih\/strand-raupe\/#primaryimage"},"image":{"@id":"https:\/\/testomgeving.vlugtenburg.nl\/de\/verleih\/strand-raupe\/#primaryimage"},"thumbnailUrl":"https:\/\/testomgeving.vlugtenburg.nl\/wp-content\/uploads\/2021\/10\/20200720_142245-2.jpg","datePublished":"2021-11-26T09:19:30+00:00","dateModified":"2026-03-31T07:59:51+00:00","description":"Im Urlaub mit der ganzen Familie! \u00dcber die Stichting Avavieren bietet der Strandpark Vlugtenburg die M\u00f6glichkeit, eine Strandraupe zu mieten.","breadcrumb":{"@id":"https:\/\/testomgeving.vlugtenburg.nl\/de\/verleih\/strand-raupe\/#breadcrumb"},"inLanguage":"de","potentialAction":[{"@type":"ReadAction","target":["https:\/\/testomgeving.vlugtenburg.nl\/de\/verleih\/strand-raupe\/"]}]},{"@type":"ImageObject","inLanguage":"de","@id":"https:\/\/testomgeving.vlugtenburg.nl\/de\/verleih\/strand-raupe\/#primaryimage","url":"https:\/\/testomgeving.vlugtenburg.nl\/wp-content\/uploads\/2021\/10\/20200720_142245-2.jpg","contentUrl":"https:\/\/testomgeving.vlugtenburg.nl\/wp-content\/uploads\/2021\/10\/20200720_142245-2.jpg","width":1800,"height":1336,"caption":"Urlaub f\u00fcr Behinderte"},{"@type":"BreadcrumbList","@id":"https:\/\/testomgeving.vlugtenburg.nl\/de\/verleih\/strand-raupe\/#breadcrumb","itemListElement":[{"@type":"ListItem","position":1,"name":"Home","item":"https:\/\/testomgeving.vlugtenburg.nl\/de\/"},{"@type":"ListItem","position":2,"name":"Verleih","item":"https:\/\/testomgeving.vlugtenburg.nl\/de\/verhuur\/"},{"@type":"ListItem","position":3,"name":"Strand-Raupe"}]},{"@type":"WebSite","@id":"https:\/\/testomgeving.vlugtenburg.nl\/de\/#website","url":"https:\/\/testomgeving.vlugtenburg.nl\/de\/","name":"Strandpark Vlugtenburg","description":"Vakantiepark aan zee","publisher":{"@id":"https:\/\/testomgeving.vlugtenburg.nl\/de\/#organization"},"potentialAction":[{"@type":"SearchAction","target":{"@type":"EntryPoint","urlTemplate":"https:\/\/testomgeving.vlugtenburg.nl\/de\/?s={search_term_string}"},"query-input":{"@type":"PropertyValueSpecification","valueRequired":true,"valueName":"search_term_string"}}],"inLanguage":"de"},{"@type":"Organization","@id":"https:\/\/testomgeving.vlugtenburg.nl\/de\/#organization","name":"Strandpark Vlugtenburg","url":"https:\/\/testomgeving.vlugtenburg.nl\/de\/","logo":{"@type":"ImageObject","inLanguage":"de","@id":"https:\/\/testomgeving.vlugtenburg.nl\/de\/#\/schema\/logo\/image\/","url":"https:\/\/testomgeving.vlugtenburg.nl\/wp-content\/uploads\/2021\/08\/logo-vlugtenburg.svg","contentUrl":"https:\/\/testomgeving.vlugtenburg.nl\/wp-content\/uploads\/2021\/08\/logo-vlugtenburg.svg","width":596,"height":123,"caption":"Strandpark Vlugtenburg"},"image":{"@id":"https:\/\/testomgeving.vlugtenburg.nl\/de\/#\/schema\/logo\/image\/"}}]}},"_links":{"self":[{"href":"https:\/\/testomgeving.vlugtenburg.nl\/de\/wp-json\/wp\/v2\/pages\/29392","targetHints":{"allow":["GET"]}}],"collection":[{"href":"https:\/\/testomgeving.vlugtenburg.nl\/de\/wp-json\/wp\/v2\/pages"}],"about":[{"href":"https:\/\/testomgeving.vlugtenburg.nl\/de\/wp-json\/wp\/v2\/types\/page"}],"author":[{"embeddable":true,"href":"https:\/\/testomgeving.vlugtenburg.nl\/de\/wp-json\/wp\/v2\/users\/1"}],"replies":[{"embeddable":true,"href":"https:\/\/testomgeving.vlugtenburg.nl\/de\/wp-json\/wp\/v2\/comments?post=29392"}],"version-history":[{"count":6,"href":"https:\/\/testomgeving.vlugtenburg.nl\/de\/wp-json\/wp\/v2\/pages\/29392\/revisions"}],"predecessor-version":[{"id":50868,"href":"https:\/\/testomgeving.vlugtenburg.nl\/de\/wp-json\/wp\/v2\/pages\/29392\/revisions\/50868"}],"up":[{"embeddable":true,"href":"https:\/\/testomgeving.vlugtenburg.nl\/de\/wp-json\/wp\/v2\/pages\/28760"}],"wp:featuredmedia":[{"embeddable":true,"href":"https:\/\/testomgeving.vlugtenburg.nl\/de\/wp-json\/wp\/v2\/media\/28141"}],"wp:attachment":[{"href":"https:\/\/testomgeving.vlugtenburg.nl\/de\/wp-json\/wp\/v2\/media?parent=29392"}],"curies":[{"name":"wp","href":"https:\/\/api.w.org\/{rel}","templated":true}]}}